{"id":3718,"date":"2023-11-08T12:05:41","date_gmt":"2023-11-08T15:05:41","guid":{"rendered":"https:\/\/reservapituba.com.br\/?page_id=3718"},"modified":"2025-07-15T17:25:17","modified_gmt":"2025-07-15T20:25:17","slug":"coco-amarelo","status":"publish","type":"page","link":"https:\/\/reservapituba.com.br\/en\/coco-amarelo\/","title":{"rendered":"Coco Amarelo"},"content":{"rendered":"<div data-elementor-type=\"wp-page\" data-elementor-id=\"3718\" class=\"elementor elementor-3718\" data-elementor-post-type=\"page\">\n\t\t\t\t\t\t<section class=\"elementor-section elementor-top-section elementor-element elementor-element-4476f70 elementor-section-full_width elementor-section-height-min-height elementor-section-items-stretch elementor-section-height-default\" data-id=\"4476f70\" data-element_type=\"section\" data-settings=\"{&quot;background_background&quot;:&quot;classic&quot;}\">\n\t\t\t\t\t\t<div class=\"elementor-container elementor-column-gap-no\">\n\t\t\t\t\t<div class=\"elementor-column elementor-col-100 elementor-top-column elementor-element elementor-element-ea20333\" data-id=\"ea20333\" data-element_type=\"column\">\n\t\t\t<div class=\"elementor-widget-wrap\">\n\t\t\t\t\t\t\t<\/div>\n\t\t<\/div>\n\t\t\t\t\t<\/div>\n\t\t<\/section>\n\t\t\t\t<section class=\"elementor-section elementor-top-section elementor-element elementor-element-e0a567f elementor-section-height-min-height elementor-section-items-stretch elementor-section-full_width elementor-section-height-default\" data-id=\"e0a567f\" data-element_type=\"section\">\n\t\t\t\t\t\t<div class=\"elementor-container elementor-column-gap-no\">\n\t\t\t\t\t<div class=\"elementor-column elementor-col-33 elementor-top-column elementor-element elementor-element-b3fa654\" data-id=\"b3fa654\" data-element_type=\"column\">\n\t\t\t<div class=\"elementor-widget-wrap elementor-element-populated\">\n\t\t\t\t\t\t<div class=\"elementor-element elementor-element-1f5df89 elementor-widget elementor-widget-heading\" data-id=\"1f5df89\" data-element_type=\"widget\" data-widget_type=\"heading.default\">\n\t\t\t\t<div class=\"elementor-widget-container\">\n\t\t\t\t\t<h2 class=\"elementor-heading-title elementor-size-default\">WHERE THE SEA AND WHITE SAND MEET IN A BREATHTAKING DISPLAY OF NATURE<\/h2>\t\t\t\t<\/div>\n\t\t\t\t<\/div>\n\t\t\t\t\t<\/div>\n\t\t<\/div>\n\t\t\t\t<div class=\"elementor-column elementor-col-33 elementor-top-column elementor-element elementor-element-57ecc7f\" data-id=\"57ecc7f\" data-element_type=\"column\">\n\t\t\t<div class=\"elementor-widget-wrap elementor-element-populated\">\n\t\t\t\t\t\t<div class=\"elementor-element elementor-element-338f14f elementor-widget elementor-widget-spacer\" data-id=\"338f14f\" data-element_type=\"widget\" data-widget_type=\"spacer.default\">\n\t\t\t\t<div class=\"elementor-widget-container\">\n\t\t\t\t\t\t\t<div class=\"elementor-spacer\">\n\t\t\t<div class=\"elementor-spacer-inner\"><\/div>\n\t\t<\/div>\n\t\t\t\t\t\t<\/div>\n\t\t\t\t<\/div>\n\t\t\t\t\t<\/div>\n\t\t<\/div>\n\t\t\t\t<div class=\"elementor-column elementor-col-33 elementor-top-column elementor-element elementor-element-dd748f7\" data-id=\"dd748f7\" data-element_type=\"column\">\n\t\t\t<div class=\"elementor-widget-wrap elementor-element-populated\">\n\t\t\t\t\t\t<div class=\"elementor-element elementor-element-6cb26f0 elementor-widget elementor-widget-heading\" data-id=\"6cb26f0\" data-element_type=\"widget\" data-widget_type=\"heading.default\">\n\t\t\t\t<div class=\"elementor-widget-container\">\n\t\t\t\t\t<p class=\"elementor-heading-title elementor-size-default\">At Coco Amarelo, you can also bring your own project for building houses, based on the guidelines and limitations of Architecture andLandscaping  in Reserva Pituba, allowing you to enjoy this paradise with all the infrastructure ready to welcome you and having the lush nature of the location as your calling card.<\/p>\t\t\t\t<\/div>\n\t\t\t\t<\/div>\n\t\t\t\t\t<\/div>\n\t\t<\/div>\n\t\t\t\t\t<\/div>\n\t\t<\/section>\n\t\t\t\t<section class=\"elementor-section elementor-top-section elementor-element elementor-element-962bf1c elementor-section-boxed elementor-section-height-default elementor-section-height-default\" data-id=\"962bf1c\" data-element_type=\"section\">\n\t\t\t\t\t\t<div class=\"elementor-container elementor-column-gap-no\">\n\t\t\t\t\t<div class=\"elementor-column elementor-col-100 elementor-top-column elementor-element elementor-element-e34274d\" data-id=\"e34274d\" data-element_type=\"column\">\n\t\t\t<div class=\"elementor-widget-wrap elementor-element-populated\">\n\t\t\t\t\t\t<div class=\"elementor-element elementor-element-d1caf34 elementor-widget elementor-widget-b6-web-hotspot-map\" data-id=\"d1caf34\" data-element_type=\"widget\" data-widget_type=\"b6-web-hotspot-map.default\">\n\t\t\t\t<div class=\"elementor-widget-container\">\n\t\t\t\t\t            \n\t\t\t<div class=\"container\">\n\t\t\t\t<div class=\"media\">\n                    <div class=\"map-content\">\n                                                    <div class=\"map-title\">\n                                <h2 class=\"title\">Coco Amarelo<\/h2>\n                            <\/div>\n                        \n                                            <\/div>\n\t\t\t\t\t<div class=\"background\">\n\t\t\t\t\t\t<img decoding=\"async\" src=\"https:\/\/reservapituba.com.br\/wp-content\/uploads\/2023\/11\/coco-amarelo-reserva-pituba-site-mapa.jpg\" class=\"background-element map\" alt=\"\" title=\"\">\n                        <img decoding=\"async\" src=\"https:\/\/reservapituba.com.br\/wp-content\/uploads\/2023\/11\/reserva-pituba-site-satelite-coco-amarelo-v3.jpg\" class=\"background-element satellite\" alt=\"\" title=\"\">\n\t\t\t\t\t<\/div>\n                    <div class=\"btn-satellite\">\n                        <div class=\"icon-satellite\">\n                            <span class=\"b6web-button-icon\">\n                                <svg xmlns=\"http:\/\/www.w3.org\/2000\/svg\" width=\"25.176\" height=\"20.925\" viewbox=\"0 0 25.176 20.925\"><path d=\"M-1280.512,1209.159l-12.588,5.468,12.588,5.468,12.588-5.468Z\" transform=\"translate(1293.1 -1209.159)\" fill=\"#cba77d\"><\/path><path d=\"M-1280.512,1293.97l-8.751-3.8-3.837,1.667,12.588,5.468,12.588-5.468-3.837-1.667Z\" transform=\"translate(1293.1 -1281.373)\" fill=\"#cba77d\"><\/path><path d=\"M-1280.512,1339.972l-8.751-3.8-3.837,1.667,12.588,5.468,12.588-5.468-3.837-1.667Z\" transform=\"translate(1293.1 -1322.381)\" fill=\"#cba77d\"><\/path><\/svg>                                <div class=\"normal-icon-title\">SAT\u00c9LITE<\/div>\n                            <\/span>\n                        <\/div>\n                        <div class=\"icon-map\">\n                            <span class=\"b6web-button-icon\">\n                                <svg xmlns=\"http:\/\/www.w3.org\/2000\/svg\" width=\"25.176\" height=\"20.925\" viewbox=\"0 0 25.176 20.925\"><path d=\"M-1280.512,1209.159l-12.588,5.468,12.588,5.468,12.588-5.468Z\" transform=\"translate(1293.1 -1209.159)\" fill=\"#fff\"><\/path><path d=\"M-1280.512,1293.97l-8.751-3.8-3.837,1.667,12.588,5.468,12.588-5.468-3.837-1.667Z\" transform=\"translate(1293.1 -1281.373)\" fill=\"#fff\"><\/path><path d=\"M-1280.512,1339.972l-8.751-3.8-3.837,1.667,12.588,5.468,12.588-5.468-3.837-1.667Z\" transform=\"translate(1293.1 -1322.381)\" fill=\"#fff\"><\/path><\/svg>                                <div class=\"click-icon-title\">MAPA<\/div>\n                            <\/span>\n                        <\/div>\n                    <\/div>\n\t\t\t\t<\/div>\n                \t\t\t<\/div>\n            \n\t\t\t\t<\/div>\n\t\t\t\t<\/div>\n\t\t\t\t\t<\/div>\n\t\t<\/div>\n\t\t\t\t\t<\/div>\n\t\t<\/section>\n\t\t\t\t<section class=\"elementor-section elementor-top-section elementor-element elementor-element-28d2945 elementor-section-boxed elementor-section-height-default elementor-section-height-default\" data-id=\"28d2945\" data-element_type=\"section\">\n\t\t\t\t\t\t<div class=\"elementor-container elementor-column-gap-no\">\n\t\t\t\t\t<div class=\"elementor-column elementor-col-100 elementor-top-column elementor-element elementor-element-d27cc05\" data-id=\"d27cc05\" data-element_type=\"column\">\n\t\t\t<div class=\"elementor-widget-wrap elementor-element-populated\">\n\t\t\t\t\t\t<div class=\"elementor-element elementor-element-07e2a7f elementor-widget__width-initial elementor-widget elementor-widget-heading\" data-id=\"07e2a7f\" data-element_type=\"widget\" data-widget_type=\"heading.default\">\n\t\t\t\t<div class=\"elementor-widget-container\">\n\t\t\t\t\t<p class=\"elementor-heading-title elementor-size-default\">14 plots ranging from 4,000 sq m to 5,300 sq m facing the sea.<\/p>\t\t\t\t<\/div>\n\t\t\t\t<\/div>\n\t\t\t\t\t<\/div>\n\t\t<\/div>\n\t\t\t\t\t<\/div>\n\t\t<\/section>\n\t\t\t\t<section class=\"elementor-section elementor-top-section elementor-element elementor-element-feadacb elementor-section-boxed elementor-section-height-default elementor-section-height-default\" data-id=\"feadacb\" data-element_type=\"section\">\n\t\t\t\t\t\t<div class=\"elementor-container elementor-column-gap-no\">\n\t\t\t\t\t<div class=\"elementor-column elementor-col-50 elementor-top-column elementor-element elementor-element-ffe3c94\" data-id=\"ffe3c94\" data-element_type=\"column\">\n\t\t\t<div class=\"elementor-widget-wrap elementor-element-populated\">\n\t\t\t\t\t\t<div class=\"elementor-element elementor-element-f373cf8 elementor-widget elementor-widget-jet-slider\" data-id=\"f373cf8\" data-element_type=\"widget\" data-settings=\"{&quot;slider_height&quot;:{&quot;unit&quot;:&quot;px&quot;,&quot;size&quot;:406,&quot;sizes&quot;:[]},&quot;slider_height_tablet&quot;:{&quot;unit&quot;:&quot;px&quot;,&quot;size&quot;:406,&quot;sizes&quot;:[]},&quot;slider_height_mobile&quot;:{&quot;unit&quot;:&quot;px&quot;,&quot;size&quot;:406,&quot;sizes&quot;:[]}}\" data-widget_type=\"jet-slider.default\">\n\t\t\t\t<div class=\"elementor-widget-container\">\n\t\t\t\t\t<div class=\"elementor-jet-slider jet-elements\">\n<div class=\"jet-slider jet-slider__image-exact\" data-settings='{\"sliderWidth\":{\"unit\":\"%\",\"size\":100,\"sizes\":[]},\"sliderHeight\":{\"unit\":\"px\",\"size\":406,\"sizes\":[]},\"sliderNavigation\":true,\"sliderNavigationIcon\":\"jet-slider__arrow-icon-f373cf8\",\"sliderNaviOnHover\":false,\"sliderPagination\":false,\"sliderAutoplay\":true,\"sliderAutoplayDelay\":5000,\"sliderAutoplayOnHover\":\"pause\",\"sliderFullScreen\":false,\"sliderFullscreenIcon\":\"jet-slider__fullscreen-icon-f373cf8\",\"sliderShuffle\":false,\"sliderLoop\":true,\"sliderFadeMode\":true,\"slideDistance\":{\"unit\":\"px\",\"size\":10,\"sizes\":[]},\"slideDuration\":500,\"imageScaleMode\":\"exact\",\"thumbnails\":false,\"thumbnailWidth\":120,\"thumbnailHeight\":80,\"rightToLeft\":false,\"touchswipe\":true,\"fractionPag\":false}'>\n\t\n<div  class=\"slider-pro\"><div class=\"jet-slider__arrow-icon-f373cf8 hidden-html\"><svg xmlns=\"http:\/\/www.w3.org\/2000\/svg\" width=\"23.334\" height=\"43.841\" viewbox=\"0 0 23.334 43.841\"><g transform=\"translate(22.627 0.707) rotate(90)\"><path d=\"M661.787,825.483,683,846.7l21.213-21.213\" transform=\"translate(-661.787 -825.483)\" fill=\"none\" stroke=\"#f6f0e6\" stroke-miterlimit=\"10\" stroke-width=\"2\"><\/path><\/g><\/svg><\/div><div class=\"jet-slider__fullscreen-icon-f373cf8 hidden-html\"><\/div><div class=\"jet-slider__items sp-slides\">\n\n\n<div  class=\"jet-slider__item sp-slide elementor-repeater-item-8e24c66\"><img decoding=\"async\" class=\"sp-image\" src=\"https:\/\/reservapituba.com.br\/wp-content\/uploads\/2025\/05\/reverva-pituba-site-novas-imagens-coco-amarelo-1o-slider-1.png\" alt=\"reverva-pituba-site-novas-imagens-coco-amarelo-1o-slider-1\" loading=\"lazy\" title=\"\"><div class=\"jet-slider__content sp-layer\" data-position=\"centerCenter\" data-width=\"100%\" data-height=\"100%\" data-horizontal=\"0%\" data-show-transition=\"none\" data-show-duration=\"400\" data-show-delay=\"400\" >\n\t\t<div class=\"jet-slider__content-item\">\n\t\t\t<div class=\"jet-slider__content-inner\"><\/div>\n\t\t<\/div>\n\t\t\t<\/div>\n<\/div>\n\n<div  class=\"jet-slider__item sp-slide elementor-repeater-item-73762c1\"><img decoding=\"async\" class=\"sp-image\" src=\"https:\/\/reservapituba.com.br\/wp-content\/uploads\/2025\/05\/reverva-pituba-site-novas-imagens-coco-amarelo-1o-slider-2.png\" alt=\"reverva-pituba-site-novas-imagens-coco-amarelo-1o-slider-2\" loading=\"lazy\" title=\"\"><div class=\"jet-slider__content sp-layer\" data-position=\"centerCenter\" data-width=\"100%\" data-height=\"100%\" data-horizontal=\"0%\" data-show-transition=\"none\" data-show-duration=\"400\" data-show-delay=\"400\" >\n\t\t<div class=\"jet-slider__content-item\">\n\t\t\t<div class=\"jet-slider__content-inner\"><\/div>\n\t\t<\/div>\n\t\t\t<\/div>\n<\/div>\n\n<\/div>\n<\/div>\n<\/div>\n<\/div>\t\t\t\t<\/div>\n\t\t\t\t<\/div>\n\t\t\t\t\t<\/div>\n\t\t<\/div>\n\t\t\t\t<div class=\"elementor-column elementor-col-50 elementor-top-column elementor-element elementor-element-d9b25a3\" data-id=\"d9b25a3\" data-element_type=\"column\">\n\t\t\t<div class=\"elementor-widget-wrap elementor-element-populated\">\n\t\t\t\t\t\t<div class=\"elementor-element elementor-element-898504d elementor-widget elementor-widget-heading\" data-id=\"898504d\" data-element_type=\"widget\" data-widget_type=\"heading.default\">\n\t\t\t\t<div class=\"elementor-widget-container\">\n\t\t\t\t\t<p class=\"elementor-heading-title elementor-size-default\">The plots are located in areas with coconut trees of a fruit variety known as Coco Amarelo, which has a smaller size compared to other coconut varieties. Similar to the Coqueiral, in this area, houses can be implemented by relocating only a few coconut trees.<\/p>\t\t\t\t<\/div>\n\t\t\t\t<\/div>\n\t\t\t\t<div class=\"elementor-element elementor-element-9062fd8 elementor-widget elementor-widget-b6web_button\" data-id=\"9062fd8\" data-element_type=\"widget\" data-widget_type=\"b6web_button.default\">\n\t\t\t\t<div class=\"elementor-widget-container\">\n\t\t\t\t\t\t\t<div class=\"b6web-button-wrapper\">\n\t\t\t<a href=\"https:\/\/reservapituba.com.br\/en\/contato\/\" class=\"b6web-button-link b6web-button\" role=\"button\">\n\t\t\t\t\t\t<span class=\"b6web-button-content-wrapper\">\n\t\t\t\t\t\t<span class=\"b6web-button-icon b6web-align-icon-right b6web-animation-after-moving-right\">\n\t\t\t\t<svg xmlns=\"http:\/\/www.w3.org\/2000\/svg\" width=\"7.121\" height=\"11.414\" viewbox=\"0 0 7.121 11.414\"><path d=\"M0,0,5,5l5-5\" transform=\"translate(0.707 10.707) rotate(-90)\" fill=\"none\" stroke-miterlimit=\"10\" stroke-width=\"2\"><\/path><\/svg>\t\t\t<\/span>\n\t\t\t\t\t\t<span class=\"b6web-button-text\">INQUIRE FOR MORE INFORMATION<\/span>\n\t\t<\/span>\n\t\t\t\t\t<\/a>\n\t\t<\/div>\n\t\t\t\t\t\t<\/div>\n\t\t\t\t<\/div>\n\t\t\t\t\t<\/div>\n\t\t<\/div>\n\t\t\t\t\t<\/div>\n\t\t<\/section>\n\t\t\t\t<section class=\"elementor-section elementor-top-section elementor-element elementor-element-3d0ae9b elementor-reverse-mobile elementor-section-boxed elementor-section-height-default elementor-section-height-default\" data-id=\"3d0ae9b\" data-element_type=\"section\">\n\t\t\t\t\t\t<div class=\"elementor-container elementor-column-gap-no\">\n\t\t\t\t\t<div class=\"elementor-column elementor-col-50 elementor-top-column elementor-element elementor-element-a1989bd\" data-id=\"a1989bd\" data-element_type=\"column\">\n\t\t\t<div class=\"elementor-widget-wrap elementor-element-populated\">\n\t\t\t\t\t\t<div class=\"elementor-element elementor-element-0a6a5f2 elementor-widget elementor-widget-heading\" data-id=\"0a6a5f2\" data-element_type=\"widget\" data-widget_type=\"heading.default\">\n\t\t\t\t<div class=\"elementor-widget-container\">\n\t\t\t\t\t<p class=\"elementor-heading-title elementor-size-default\">Coco Amarelo already has all the infrastructure ready to build your private retreat, based on the guidelines and limitations of Architecture and Landscaping in Reserva Pituba.<\/p>\t\t\t\t<\/div>\n\t\t\t\t<\/div>\n\t\t\t\t<div class=\"elementor-element elementor-element-b4d0d43 elementor-widget elementor-widget-b6web_button\" data-id=\"b4d0d43\" data-element_type=\"widget\" data-widget_type=\"b6web_button.default\">\n\t\t\t\t<div class=\"elementor-widget-container\">\n\t\t\t\t\t\t\t<div class=\"b6web-button-wrapper\">\n\t\t\t<a href=\"https:\/\/reservapituba.com.br\/en\/contato\/\" class=\"b6web-button-link b6web-button\" role=\"button\">\n\t\t\t\t\t\t<span class=\"b6web-button-content-wrapper\">\n\t\t\t\t\t\t<span class=\"b6web-button-icon b6web-align-icon-right b6web-animation-after-moving-right\">\n\t\t\t\t<svg xmlns=\"http:\/\/www.w3.org\/2000\/svg\" width=\"7.121\" height=\"11.414\" viewbox=\"0 0 7.121 11.414\"><path d=\"M0,0,5,5l5-5\" transform=\"translate(0.707 10.707) rotate(-90)\" fill=\"none\" stroke-miterlimit=\"10\" stroke-width=\"2\"><\/path><\/svg>\t\t\t<\/span>\n\t\t\t\t\t\t<span class=\"b6web-button-text\">INQUIRE FOR MORE INFORMATION<\/span>\n\t\t<\/span>\n\t\t\t\t\t<\/a>\n\t\t<\/div>\n\t\t\t\t\t\t<\/div>\n\t\t\t\t<\/div>\n\t\t\t\t\t<\/div>\n\t\t<\/div>\n\t\t\t\t<div class=\"elementor-column elementor-col-50 elementor-top-column elementor-element elementor-element-ba2f700\" data-id=\"ba2f700\" data-element_type=\"column\">\n\t\t\t<div class=\"elementor-widget-wrap elementor-element-populated\">\n\t\t\t\t\t\t<div class=\"elementor-element elementor-element-c75f96a elementor-widget elementor-widget-heading\" data-id=\"c75f96a\" data-element_type=\"widget\" data-widget_type=\"heading.default\">\n\t\t\t\t<div class=\"elementor-widget-container\">\n\t\t\t\t\t<p class=\"elementor-heading-title elementor-size-default\">Merely illustrative artistic perspective<\/p>\t\t\t\t<\/div>\n\t\t\t\t<\/div>\n\t\t\t\t<div class=\"elementor-element elementor-element-d5233f5 elementor-widget elementor-widget-jet-slider\" data-id=\"d5233f5\" data-element_type=\"widget\" data-settings=\"{&quot;slider_height&quot;:{&quot;unit&quot;:&quot;px&quot;,&quot;size&quot;:406,&quot;sizes&quot;:[]},&quot;slider_height_tablet&quot;:{&quot;unit&quot;:&quot;px&quot;,&quot;size&quot;:406,&quot;sizes&quot;:[]},&quot;slider_height_mobile&quot;:{&quot;unit&quot;:&quot;px&quot;,&quot;size&quot;:406,&quot;sizes&quot;:[]}}\" data-widget_type=\"jet-slider.default\">\n\t\t\t\t<div class=\"elementor-widget-container\">\n\t\t\t\t\t<div class=\"elementor-jet-slider jet-elements\">\n<div class=\"jet-slider jet-slider__image-exact\" data-settings='{\"sliderWidth\":{\"unit\":\"%\",\"size\":100,\"sizes\":[]},\"sliderHeight\":{\"unit\":\"px\",\"size\":406,\"sizes\":[]},\"sliderNavigation\":true,\"sliderNavigationIcon\":\"jet-slider__arrow-icon-d5233f5\",\"sliderNaviOnHover\":false,\"sliderPagination\":false,\"sliderAutoplay\":true,\"sliderAutoplayDelay\":5000,\"sliderAutoplayOnHover\":\"pause\",\"sliderFullScreen\":false,\"sliderFullscreenIcon\":\"jet-slider__fullscreen-icon-d5233f5\",\"sliderShuffle\":false,\"sliderLoop\":true,\"sliderFadeMode\":true,\"slideDistance\":{\"unit\":\"px\",\"size\":10,\"sizes\":[]},\"slideDuration\":500,\"imageScaleMode\":\"exact\",\"thumbnails\":false,\"thumbnailWidth\":120,\"thumbnailHeight\":80,\"rightToLeft\":false,\"touchswipe\":true,\"fractionPag\":false}'>\n\t\n<div  class=\"slider-pro\"><div class=\"jet-slider__arrow-icon-d5233f5 hidden-html\"><svg xmlns=\"http:\/\/www.w3.org\/2000\/svg\" width=\"23.334\" height=\"43.841\" viewbox=\"0 0 23.334 43.841\"><g transform=\"translate(22.627 0.707) rotate(90)\"><path d=\"M661.787,825.483,683,846.7l21.213-21.213\" transform=\"translate(-661.787 -825.483)\" fill=\"none\" stroke=\"#f6f0e6\" stroke-miterlimit=\"10\" stroke-width=\"2\"><\/path><\/g><\/svg><\/div><div class=\"jet-slider__fullscreen-icon-d5233f5 hidden-html\"><\/div><div class=\"jet-slider__items sp-slides\">\n\n\n<div  class=\"jet-slider__item sp-slide elementor-repeater-item-8e24c66\"><img decoding=\"async\" class=\"sp-image\" src=\"https:\/\/reservapituba.com.br\/wp-content\/uploads\/2025\/05\/reverva-pituba-site-novas-imagens-coco-amarelo-2o-slider-1.png\" alt=\"reverva-pituba-site-novas-imagens-coco-amarelo-2o-slider-1\" loading=\"lazy\" title=\"\"><div class=\"jet-slider__content sp-layer\" data-position=\"centerCenter\" data-width=\"100%\" data-height=\"100%\" data-horizontal=\"0%\" data-show-transition=\"none\" data-show-duration=\"400\" data-show-delay=\"400\" >\n\t\t<div class=\"jet-slider__content-item\">\n\t\t\t<div class=\"jet-slider__content-inner\"><\/div>\n\t\t<\/div>\n\t\t\t<\/div>\n<\/div>\n\n<div  class=\"jet-slider__item sp-slide elementor-repeater-item-73762c1\"><img decoding=\"async\" class=\"sp-image\" src=\"https:\/\/reservapituba.com.br\/wp-content\/uploads\/2025\/05\/reverva-pituba-site-novas-imagens-coco-amarelo-2o-slider-2.png\" alt=\"Lotes em frente ao mar - Coco Amarelo - Reserva Pituba\" loading=\"lazy\" title=\"\"><div class=\"jet-slider__content sp-layer\" data-position=\"centerCenter\" data-width=\"100%\" data-height=\"100%\" data-horizontal=\"0%\" data-show-transition=\"none\" data-show-duration=\"400\" data-show-delay=\"400\" >\n\t\t<div class=\"jet-slider__content-item\">\n\t\t\t<div class=\"jet-slider__content-inner\"><\/div>\n\t\t<\/div>\n\t\t\t<\/div>\n<\/div>\n\n<\/div>\n<\/div>\n<\/div>\n<\/div>\t\t\t\t<\/div>\n\t\t\t\t<\/div>\n\t\t\t\t\t<\/div>\n\t\t<\/div>\n\t\t\t\t\t<\/div>\n\t\t<\/section>\n\t\t\t\t<section class=\"elementor-section elementor-top-section elementor-element elementor-element-e1dd64d elementor-section-content-middle elementor-hidden-mobile elementor-section-boxed elementor-section-height-default elementor-section-height-default\" data-id=\"e1dd64d\" data-element_type=\"section\">\n\t\t\t\t\t\t<div class=\"elementor-container elementor-column-gap-default\">\n\t\t\t\t\t<div class=\"elementor-column elementor-col-33 elementor-top-column elementor-element elementor-element-f81154a\" data-id=\"f81154a\" data-element_type=\"column\">\n\t\t\t<div class=\"elementor-widget-wrap elementor-element-populated\">\n\t\t\t\t\t\t<div class=\"elementor-element elementor-element-65746ef elementor-align-right elementor-widget elementor-widget-b6web_button\" data-id=\"65746ef\" data-element_type=\"widget\" data-widget_type=\"b6web_button.default\">\n\t\t\t\t<div class=\"elementor-widget-container\">\n\t\t\t\t\t\t\t<div class=\"b6web-button-wrapper\">\n\t\t\t<a href=\"https:\/\/reservapituba.com.br\/en\/casas-da-mata\/\" class=\"b6web-button-link b6web-button\" role=\"button\">\n\t\t\t\t\t\t<span class=\"b6web-button-content-wrapper\">\n\t\t\t\t\t\t<span class=\"b6web-button-icon b6web-align-icon-left b6web-animation-before-moving-left\">\n\t\t\t\t<svg xmlns=\"http:\/\/www.w3.org\/2000\/svg\" width=\"7.121\" height=\"11.414\" viewbox=\"0 0 7.121 11.414\"><path d=\"M0,0,5,5l5-5\" transform=\"translate(6.414 0.707) rotate(90)\" fill=\"none\" stroke-miterlimit=\"10\" stroke-width=\"2\"><\/path><\/svg>\t\t\t<\/span>\n\t\t\t\t\t\t<span class=\"b6web-button-text\">CASAS DA MATA<\/span>\n\t\t<\/span>\n\t\t\t\t\t<\/a>\n\t\t<\/div>\n\t\t\t\t\t\t<\/div>\n\t\t\t\t<\/div>\n\t\t\t\t\t<\/div>\n\t\t<\/div>\n\t\t\t\t<div class=\"elementor-column elementor-col-33 elementor-top-column elementor-element elementor-element-db44848\" data-id=\"db44848\" data-element_type=\"column\">\n\t\t\t<div class=\"elementor-widget-wrap elementor-element-populated\">\n\t\t\t\t\t\t<div class=\"elementor-element elementor-element-3e90110 elementor-widget elementor-widget-image\" data-id=\"3e90110\" data-element_type=\"widget\" data-widget_type=\"image.default\">\n\t\t\t\t<div class=\"elementor-widget-container\">\n\t\t\t\t\t\t\t\t\t\t\t\t\t\t\t<img decoding=\"async\" width=\"1\" height=\"55\" src=\"https:\/\/reservapituba.com.br\/wp-content\/uploads\/2021\/11\/line-pagination.svg\" class=\"attachment-large size-large wp-image-745\" alt=\"\" title=\"\">\t\t\t\t\t\t\t\t\t\t\t\t\t\t\t<\/div>\n\t\t\t\t<\/div>\n\t\t\t\t\t<\/div>\n\t\t<\/div>\n\t\t\t\t<div class=\"elementor-column elementor-col-33 elementor-top-column elementor-element elementor-element-4b2feb5\" data-id=\"4b2feb5\" data-element_type=\"column\">\n\t\t\t<div class=\"elementor-widget-wrap elementor-element-populated\">\n\t\t\t\t\t\t<div class=\"elementor-element elementor-element-8cdff1f elementor-widget elementor-widget-b6web_button\" data-id=\"8cdff1f\" data-element_type=\"widget\" data-widget_type=\"b6web_button.default\">\n\t\t\t\t<div class=\"elementor-widget-container\">\n\t\t\t\t\t\t\t<div class=\"b6web-button-wrapper\">\n\t\t\t<a href=\"https:\/\/reservapituba.com.br\/en\/casas-da-praia\/\" class=\"b6web-button-link b6web-button\" role=\"button\">\n\t\t\t\t\t\t<span class=\"b6web-button-content-wrapper\">\n\t\t\t\t\t\t<span class=\"b6web-button-icon b6web-align-icon-right b6web-animation-after-moving-right\">\n\t\t\t\t<svg xmlns=\"http:\/\/www.w3.org\/2000\/svg\" width=\"7.121\" height=\"11.414\" viewbox=\"0 0 7.121 11.414\"><path d=\"M0,0,5,5l5-5\" transform=\"translate(0.707 10.707) rotate(-90)\" fill=\"none\" stroke-miterlimit=\"10\" stroke-width=\"2\"><\/path><\/svg>\t\t\t<\/span>\n\t\t\t\t\t\t<span class=\"b6web-button-text\">CASAS DA PRAIA<\/span>\n\t\t<\/span>\n\t\t\t\t\t<\/a>\n\t\t<\/div>\n\t\t\t\t\t\t<\/div>\n\t\t\t\t<\/div>\n\t\t\t\t\t<\/div>\n\t\t<\/div>\n\t\t\t\t\t<\/div>\n\t\t<\/section>\n\t\t\t\t<\/div>","protected":false},"excerpt":{"rendered":"<p>Onde o mar e a areia branca se encontram em um espet\u00e1culo exuberante da natureza No Coco Amarelo voc\u00ea tamb\u00e9m poder\u00e1 ter o seu projeto para a constru\u00e7\u00e3o de casas, baseando-se nos guides e delimita\u00e7\u00f5es de Arquitetura e Paisagismo da Reserva Pituba, podendo desfrutar deste para\u00edso com toda a infraestrutura pronta para receb\u00ea-lo e tendo [&hellip;]<\/p>\n","protected":false},"author":5,"featured_media":4571,"parent":0,"menu_order":0,"comment_status":"closed","ping_status":"closed","template":"","meta":{"footnotes":""},"class_list":["post-3718","page","type-page","status-publish","has-post-thumbnail","hentry"],"_links":{"self":[{"href":"https:\/\/reservapituba.com.br\/en\/wp-json\/wp\/v2\/pages\/3718","targetHints":{"allow":["GET"]}}],"collection":[{"href":"https:\/\/reservapituba.com.br\/en\/wp-json\/wp\/v2\/pages"}],"about":[{"href":"https:\/\/reservapituba.com.br\/en\/wp-json\/wp\/v2\/types\/page"}],"author":[{"embeddable":true,"href":"https:\/\/reservapituba.com.br\/en\/wp-json\/wp\/v2\/users\/5"}],"replies":[{"embeddable":true,"href":"https:\/\/reservapituba.com.br\/en\/wp-json\/wp\/v2\/comments?post=3718"}],"version-history":[{"count":5,"href":"https:\/\/reservapituba.com.br\/en\/wp-json\/wp\/v2\/pages\/3718\/revisions"}],"predecessor-version":[{"id":4720,"href":"https:\/\/reservapituba.com.br\/en\/wp-json\/wp\/v2\/pages\/3718\/revisions\/4720"}],"wp:featuredmedia":[{"embeddable":true,"href":"https:\/\/reservapituba.com.br\/en\/wp-json\/wp\/v2\/media\/4571"}],"wp:attachment":[{"href":"https:\/\/reservapituba.com.br\/en\/wp-json\/wp\/v2\/media?parent=3718"}],"curies":[{"name":"wp","href":"https:\/\/api.w.org\/{rel}","templated":true}]}}